{"id":1589,"date":"2025-07-13T08:30:52","date_gmt":"2025-07-13T08:30:52","guid":{"rendered":"https:\/\/cumcura.be\/?page_id=1589"},"modified":"2026-04-01T07:55:42","modified_gmt":"2026-04-01T07:55:42","slug":"blog","status":"publish","type":"page","link":"https:\/\/cumcura.be\/fr\/blog\/","title":{"rendered":"Blogpagina"},"content":{"rendered":"<p>[et_pb_section fb_built=&#8221;1&#8243; admin_label=&#8221;Hero&#8221; _builder_version=&#8221;4.21.2&#8243; background_color=&#8221;#4bc0eb&#8221; use_background_color_gradient=&#8221;on&#8221; background_color_gradient_direction=&#8221;16deg&#8221; background_color_gradient_stops=&#8221;rgba(62,144,221,0.64) 0%|rgba(145,223,247,0.94) 100%&#8221; background_color_gradient_start=&#8221;rgba(62,144,221,0.64)&#8221; background_color_gradient_end=&#8221;rgba(145,223,247,0.94)&#8221; custom_margin=&#8221;||0px||false|false&#8221; custom_padding=&#8221;60px|0px|0|0px|false|false&#8221; global_colors_info=&#8221;{}&#8221;][et_pb_row _builder_version=&#8221;4.21.2&#8243; _module_preset=&#8221;default&#8221; global_colors_info=&#8221;{}&#8221;][et_pb_column type=&#8221;4_4&#8243; _builder_version=&#8221;4.21.2&#8243; _module_preset=&#8221;default&#8221; global_colors_info=&#8221;{}&#8221;][et_pb_text _builder_version=&#8221;4.21.2&#8243; _module_preset=&#8221;default&#8221; text_font_size=&#8221;16px&#8221; text_line_height=&#8221;2em&#8221; header_2_font=&#8221;|700|||||||&#8221; header_2_font_size=&#8221;36px&#8221; header_2_line_height=&#8221;1.6em&#8221; custom_margin=&#8221;0px||0px||false|false&#8221; header_2_font_size_tablet=&#8221;36px&#8221; header_2_font_size_phone=&#8221;20px&#8221; header_2_font_size_last_edited=&#8221;on|desktop&#8221; global_colors_info=&#8221;{}&#8221;]<\/p>\n<h2><span style=\"color: #ffffff;\">Bienvenue sur la page blog de Cum Cura<\/span><\/h2>\n<p>[\/et_pb_text][et_pb_divider divider_weight=&#8221;0px&#8221; _builder_version=&#8221;4.21.2&#8243; _module_preset=&#8221;default&#8221; background_color=&#8221;#9E9E9E&#8221; background_image=&#8221;https:\/\/cumcura.be\/wp-content\/uploads\/2019\/04\/Divider_Desmoid-e1596041731639.png&#8221; max_width=&#8221;20%&#8221; module_alignment=&#8221;left&#8221; height=&#8221;5px&#8221; global_colors_info=&#8221;{}&#8221;][\/et_pb_divider][\/et_pb_column][\/et_pb_row][et_pb_row column_structure=&#8221;2_3,1_3&#8243; _builder_version=&#8221;4.21.2&#8243; custom_margin=&#8221;||0px&#8221; custom_padding=&#8221;0px|0px|0px|0px|false|false&#8221; overflow-x_tablet=&#8221;&#8221; overflow-x_phone=&#8221;&#8221; overflow-x_last_edited=&#8221;on|desktop&#8221; overflow-y_tablet=&#8221;&#8221; overflow-y_phone=&#8221;&#8221; overflow-y_last_edited=&#8221;on|desktop&#8221; global_colors_info=&#8221;{}&#8221;][et_pb_column type=&#8221;2_3&#8243; _builder_version=&#8221;4.16&#8243; custom_padding=&#8221;||60px|&#8221; global_colors_info=&#8221;{}&#8221; custom_padding__hover=&#8221;|||&#8221;][et_pb_text _builder_version=&#8221;4.27.2&#8243; text_font=&#8221;||||||||&#8221; text_font_size=&#8221;16px&#8221; text_line_height=&#8221;2em&#8221; header_font=&#8221;||||||||&#8221; header_2_font=&#8221;|700|||||||&#8221; header_2_font_size=&#8221;36px&#8221; header_2_line_height=&#8221;1.6em&#8221; custom_margin=&#8221;0px||||false|false&#8221; header_2_font_size_tablet=&#8221;&#8221; header_2_font_size_phone=&#8221;20px&#8221; header_2_font_size_last_edited=&#8221;on|phone&#8221; global_colors_info=&#8221;{}&#8221;]<\/p>\n<h3><strong><span style=\"color: #ebf6fd;\">Derni\u00e8res nouvelles et r\u00e9flexions\u00a0<\/span><\/strong><\/h3>\n<p><span style=\"color: #ebf6fd;\">Bienvenue sur notre page d\u2019actualit\u00e9s, o\u00f9 nous partageons les d\u00e9veloppements r\u00e9cents, des t\u00e9moignages inspirants et des annonces importantes de Cum Cura ASBL. Restez inform\u00e9(e) de\u202f:<\/span><\/p>\n<ul>\n<li style=\"list-style-type: none;\">\n<ul>\n<li><span style=\"color: #ebf6fd;\">Annonces de r\u00e9unions, webinaires et journ\u00e9es pour les pairs <\/span><\/li>\n<li><span style=\"color: #ebf6fd;\">Informations sur les projets en cours et les collaborations <\/span><\/li>\n<li><span style=\"color: #ebf6fd; font-size: 16px;\">Conseils pratiques pour les patients et les professionnels de sant\u00e9<\/span><\/li>\n<li><span style=\"color: #ebf6fd;\">R\u00e9flexions et t\u00e9moignages de notre communaut\u00e9<\/span><\/li>\n<\/ul>\n<\/li>\n<\/ul>\n<p>[\/et_pb_text][\/et_pb_column][et_pb_column type=&#8221;1_3&#8243; _builder_version=&#8221;4.16&#8243; custom_padding=&#8221;||60px|&#8221; global_colors_info=&#8221;{}&#8221; custom_padding__hover=&#8221;|||&#8221;][et_pb_image src=&#8221;https:\/\/cumcura.be\/wp-content\/uploads\/2019\/04\/TestBollen.png&#8221; title_text=&#8221;TestBollen&#8221; align=&#8221;center&#8221; _builder_version=&#8221;4.27.2&#8243; _module_preset=&#8221;default&#8221; max_width=&#8221;100%&#8221; module_alignment=&#8221;center&#8221; max_height=&#8221;259px&#8221; custom_padding=&#8221;||||false|false&#8221; animation_style=&#8221;slide&#8221; global_colors_info=&#8221;{}&#8221;][\/et_pb_image][\/et_pb_column][\/et_pb_row][\/et_pb_section][et_pb_section fb_built=&#8221;1&#8243; _builder_version=&#8221;4.27.2&#8243; _module_preset=&#8221;default&#8221; custom_margin=&#8221;-4px|||||&#8221; custom_padding=&#8221;9px||9px||true|&#8221; global_colors_info=&#8221;{}&#8221;][et_pb_row _builder_version=&#8221;4.21.2&#8243; _module_preset=&#8221;default&#8221; global_colors_info=&#8221;{}&#8221;][et_pb_column type=&#8221;4_4&#8243; _builder_version=&#8221;4.27.2&#8243; _module_preset=&#8221;default&#8221; global_colors_info=&#8221;{}&#8221;][et_pb_text _builder_version=&#8221;4.27.2&#8243; _module_preset=&#8221;default&#8221; text_font_size=&#8221;16px&#8221; text_line_height=&#8221;2em&#8221; header_2_font=&#8221;|700|||||||&#8221; header_2_font_size=&#8221;36px&#8221; header_2_line_height=&#8221;1.6em&#8221; custom_margin=&#8221;0px||0px||false|false&#8221; header_2_font_size_tablet=&#8221;36px&#8221; header_2_font_size_phone=&#8221;20px&#8221; header_2_font_size_last_edited=&#8221;on|desktop&#8221; global_colors_info=&#8221;{}&#8221;]<\/p>\n<h2><span style=\"color: #000000;\">Actualit\u00e9s de Cum\u202fCura<\/span><\/h2>\n<p>[\/et_pb_text][et_pb_divider divider_weight=&#8221;0px&#8221; _builder_version=&#8221;4.21.2&#8243; _module_preset=&#8221;default&#8221; background_color=&#8221;#9E9E9E&#8221; background_image=&#8221;https:\/\/cumcura.be\/wp-content\/uploads\/2019\/04\/Divider_Desmoid-e1596041731639.png&#8221; max_width=&#8221;20%&#8221; module_alignment=&#8221;left&#8221; height=&#8221;5px&#8221; global_colors_info=&#8221;{}&#8221;][\/et_pb_divider][\/et_pb_column][\/et_pb_row][et_pb_row _builder_version=&#8221;4.27.2&#8243; _module_preset=&#8221;default&#8221; hover_enabled=&#8221;0&#8243; global_colors_info=&#8221;{}&#8221; sticky_enabled=&#8221;0&#8243;][et_pb_column type=&#8221;4_4&#8243; _builder_version=&#8221;4.27.2&#8243; _module_preset=&#8221;default&#8221; global_colors_info=&#8221;{}&#8221;][et_pb_blog fullwidth=&#8221;off&#8221; posts_number=&#8221;6&#8243; include_categories=&#8221;173,172,177,189&#8243; show_more=&#8221;on&#8221; show_author=&#8221;off&#8221; _builder_version=&#8221;4.27.2&#8243; _module_preset=&#8221;default&#8221; background_color=&#8221;#EBF6FD&#8221; custom_margin=&#8221;0px|||0px|false|false&#8221; custom_padding=&#8221;0px|||5px|false|false&#8221; hover_enabled=&#8221;0&#8243; border_color_all_fullwidth=&#8221;#0C71C3&#8243; box_shadow_style=&#8221;preset3&#8243; global_colors_info=&#8221;{}&#8221; sticky_enabled=&#8221;0&#8243;][\/et_pb_blog][\/et_pb_column][\/et_pb_row][et_pb_row _builder_version=&#8221;4.21.2&#8243; _module_preset=&#8221;default&#8221; global_colors_info=&#8221;{}&#8221;][et_pb_column type=&#8221;4_4&#8243; _builder_version=&#8221;4.27.2&#8243; _module_preset=&#8221;default&#8221; global_colors_info=&#8221;{}&#8221;][et_pb_text _builder_version=&#8221;4.27.2&#8243; _module_preset=&#8221;default&#8221; text_font_size=&#8221;16px&#8221; text_line_height=&#8221;2em&#8221; header_2_font=&#8221;|700|||||||&#8221; header_2_font_size=&#8221;36px&#8221; header_2_line_height=&#8221;1.6em&#8221; custom_margin=&#8221;0px||0px||false|false&#8221; header_2_font_size_tablet=&#8221;36px&#8221; header_2_font_size_phone=&#8221;20px&#8221; header_2_font_size_last_edited=&#8221;on|desktop&#8221; global_colors_info=&#8221;{}&#8221;]<\/p>\n<h2><span style=\"color: #000000;\">Nouveau sur le site web de Cum Cura<\/span><\/h2>\n<p>[\/et_pb_text][et_pb_divider divider_weight=&#8221;0px&#8221; _builder_version=&#8221;4.21.2&#8243; _module_preset=&#8221;default&#8221; background_color=&#8221;#9E9E9E&#8221; background_image=&#8221;https:\/\/cumcura.be\/wp-content\/uploads\/2019\/04\/Divider_Desmoid-e1596041731639.png&#8221; max_width=&#8221;20%&#8221; module_alignment=&#8221;left&#8221; height=&#8221;5px&#8221; global_colors_info=&#8221;{}&#8221;][\/et_pb_divider][\/et_pb_column][\/et_pb_row][et_pb_row column_structure=&#8221;3_5,2_5&#8243; _builder_version=&#8221;4.27.2&#8243; _module_preset=&#8221;default&#8221; global_colors_info=&#8221;{}&#8221;][et_pb_column type=&#8221;3_5&#8243; _builder_version=&#8221;4.27.2&#8243; _module_preset=&#8221;default&#8221; global_colors_info=&#8221;{}&#8221;][et_pb_blog post_type=&#8221;page&#8221; posts_number=&#8221;2&#8243; show_more=&#8221;on&#8221; show_author=&#8221;off&#8221; show_date=&#8221;off&#8221; show_categories=&#8221;off&#8221; _builder_version=&#8221;4.27.2&#8243; _module_preset=&#8221;default&#8221; header_level=&#8221;h3&#8243; header_text_color=&#8221;#0C71C3&#8243; header_font_size=&#8221;22px&#8221; header_line_height=&#8221;1.7em&#8221; custom_margin=&#8221;|||0px|false|false&#8221; custom_padding=&#8221;0px|||0px|false|false&#8221; animation_style=&#8221;fold&#8221; border_radii_fullwidth=&#8221;on|6px|6px|6px|6px&#8221; border_width_all_fullwidth=&#8221;1px&#8221; border_color_all_fullwidth=&#8221;#0C71C3&#8243; global_colors_info=&#8221;{}&#8221;][\/et_pb_blog][\/et_pb_column][et_pb_column type=&#8221;2_5&#8243; _builder_version=&#8221;4.27.2&#8243; _module_preset=&#8221;default&#8221; global_colors_info=&#8221;{}&#8221;][et_pb_image src=&#8221;https:\/\/cumcura.be\/wp-content\/uploads\/2019\/04\/TestBollen.png&#8221; title_text=&#8221;TestBollen&#8221; align=&#8221;right&#8221; _builder_version=&#8221;4.27.2&#8243; _module_preset=&#8221;default&#8221; max_width=&#8221;100%&#8221; module_alignment=&#8221;center&#8221; custom_padding=&#8221;|||18px|false|false&#8221; animation_style=&#8221;slide&#8221; global_colors_info=&#8221;{}&#8221;][\/et_pb_image][\/et_pb_column][\/et_pb_row][et_pb_row _builder_version=&#8221;4.21.2&#8243; _module_preset=&#8221;default&#8221; global_colors_info=&#8221;{}&#8221;][et_pb_column type=&#8221;4_4&#8243; _builder_version=&#8221;4.27.2&#8243; _module_preset=&#8221;default&#8221; global_colors_info=&#8221;{}&#8221;][et_pb_text _builder_version=&#8221;4.27.2&#8243; _module_preset=&#8221;default&#8221; text_font_size=&#8221;16px&#8221; text_line_height=&#8221;2em&#8221; header_2_font=&#8221;|700|||||||&#8221; header_2_font_size=&#8221;36px&#8221; header_2_line_height=&#8221;1.6em&#8221; custom_margin=&#8221;0px||0px||false|false&#8221; header_2_font_size_tablet=&#8221;36px&#8221; header_2_font_size_phone=&#8221;20px&#8221; header_2_font_size_last_edited=&#8221;on|desktop&#8221; global_colors_info=&#8221;{}&#8221;]<\/p>\n<h2><span style=\"color: #000000;\">Abonnez-vous ici pour les derni\u00e8res nouvelles.<\/span><\/h2>\n<p>[\/et_pb_text][et_pb_divider divider_weight=&#8221;0px&#8221; _builder_version=&#8221;4.21.2&#8243; _module_preset=&#8221;default&#8221; background_color=&#8221;#9E9E9E&#8221; background_image=&#8221;https:\/\/cumcura.be\/wp-content\/uploads\/2019\/04\/Divider_Desmoid-e1596041731639.png&#8221; max_width=&#8221;20%&#8221; module_alignment=&#8221;left&#8221; height=&#8221;5px&#8221; global_colors_info=&#8221;{}&#8221;][\/et_pb_divider][\/et_pb_column][\/et_pb_row][et_pb_row _builder_version=&#8221;4.27.2&#8243; _module_preset=&#8221;default&#8221; custom_padding=&#8221;0px|||||&#8221; global_colors_info=&#8221;{}&#8221;][et_pb_column type=&#8221;4_4&#8243; _builder_version=&#8221;4.27.2&#8243; _module_preset=&#8221;default&#8221; global_colors_info=&#8221;{}&#8221;][et_pb_signup mailchimp_list=&#8221;elegantthemestest|26e9af0331&#8243; layout=&#8221;top_bottom&#8221; first_name_field=&#8221;off&#8221; last_name_field=&#8221;off&#8221; button_text=&#8221;Abonneer&#8221; use_spam_service=&#8221;on&#8221; recaptcha_min_score=&#8221;0.8&#8243; _builder_version=&#8221;4.27.2&#8243; form_field_background_color=&#8221;rgba(0,0,0,0)&#8221; body_font=&#8221;||||||||&#8221; form_field_font=&#8221;||||||||&#8221; use_background_color=&#8221;off&#8221; custom_button=&#8221;on&#8221; button_text_size=&#8221;14px&#8221; button_text_color=&#8221;#FFFFFF&#8221; button_bg_color=&#8221;#9cdeff&#8221; button_border_width=&#8221;8px&#8221; button_border_color=&#8221;rgba(0,0,0,0)&#8221; button_border_radius=&#8221;100px&#8221; button_letter_spacing=&#8221;2px&#8221; button_font=&#8221;Montserrat|||on|||||&#8221; background_layout=&#8221;light&#8221; max_width=&#8221;700px&#8221; module_alignment=&#8221;center&#8221; custom_margin=&#8221;||23px|||&#8221; border_radii_fields=&#8221;on|10px|10px|10px|10px&#8221; border_width_all_fields=&#8221;2px&#8221; border_color_all_fields=&#8221;rgba(0,0,0,0.06)&#8221; button_letter_spacing_hover=&#8221;2px&#8221; global_colors_info=&#8221;{}&#8221; button_text_size__hover_enabled=&#8221;off&#8221; button_one_text_size__hover_enabled=&#8221;off&#8221; button_two_text_size__hover_enabled=&#8221;off&#8221; button_text_color__hover_enabled=&#8221;off&#8221; button_one_text_color__hover_enabled=&#8221;off&#8221; button_two_text_color__hover_enabled=&#8221;off&#8221; button_border_width__hover_enabled=&#8221;off&#8221; button_one_border_width__hover_enabled=&#8221;off&#8221; button_two_border_width__hover_enabled=&#8221;off&#8221; button_border_color__hover_enabled=&#8221;off&#8221; button_one_border_color__hover_enabled=&#8221;off&#8221; button_two_border_color__hover_enabled=&#8221;off&#8221; button_border_radius__hover_enabled=&#8221;off&#8221; button_one_border_radius__hover_enabled=&#8221;off&#8221; button_two_border_radius__hover_enabled=&#8221;off&#8221; button_letter_spacing__hover_enabled=&#8221;on&#8221; button_letter_spacing__hover=&#8221;2px&#8221; button_one_letter_spacing__hover_enabled=&#8221;off&#8221; button_two_letter_spacing__hover_enabled=&#8221;off&#8221; button_bg_color__hover_enabled=&#8221;off&#8221; button_one_bg_color__hover_enabled=&#8221;off&#8221; button_two_bg_color__hover_enabled=&#8221;off&#8221;][\/et_pb_signup][\/et_pb_column][\/et_pb_row][\/et_pb_section][et_pb_section fb_built=&#8221;1&#8243; admin_label=&#8221;Hero&#8221; _builder_version=&#8221;4.21.2&#8243; background_color=&#8221;#4bc0eb&#8221; use_background_color_gradient=&#8221;on&#8221; background_color_gradient_direction=&#8221;16deg&#8221; background_color_gradient_stops=&#8221;rgba(62,144,221,0.64) 0%|rgba(145,223,247,0.94) 100%&#8221; background_color_gradient_start=&#8221;rgba(62,144,221,0.64)&#8221; background_color_gradient_end=&#8221;rgba(145,223,247,0.94)&#8221; custom_margin=&#8221;||0px||false|false&#8221; custom_padding=&#8221;0px|0px|0|0px|false|false&#8221; global_colors_info=&#8221;{}&#8221;][et_pb_row column_structure=&#8221;1_4,1_4,1_4,1_4&#8243; _builder_version=&#8221;4.27.2&#8243; _module_preset=&#8221;default&#8221; custom_margin=&#8221;0px||||false|false&#8221; custom_padding=&#8221;0px||||false|false&#8221; global_colors_info=&#8221;{}&#8221;][et_pb_column type=&#8221;1_4&#8243; _builder_version=&#8221;4.27.2&#8243; _module_preset=&#8221;default&#8221; global_colors_info=&#8221;{}&#8221;][\/et_pb_column][et_pb_column type=&#8221;1_4&#8243; _builder_version=&#8221;4.27.2&#8243; _module_preset=&#8221;default&#8221; global_colors_info=&#8221;{}&#8221;][\/et_pb_column][et_pb_column type=&#8221;1_4&#8243; _builder_version=&#8221;4.27.2&#8243; _module_preset=&#8221;default&#8221; global_colors_info=&#8221;{}&#8221;][et_pb_text _builder_version=&#8221;4.27.2&#8243; text_font=&#8221;||||||||&#8221; text_font_size=&#8221;16px&#8221; text_line_height=&#8221;2em&#8221; header_font=&#8221;||||||||&#8221; header_text_align=&#8221;center&#8221; header_2_font=&#8221;|700|||||||&#8221; header_2_font_size=&#8221;36px&#8221; header_2_line_height=&#8221;1.6em&#8221; text_orientation=&#8221;center&#8221; custom_margin=&#8221;0px||||false|false&#8221; custom_padding=&#8221;3px|||0px|false|false&#8221; header_2_font_size_tablet=&#8221;&#8221; header_2_font_size_phone=&#8221;20px&#8221; header_2_font_size_last_edited=&#8221;on|phone&#8221; global_colors_info=&#8221;{}&#8221;]<\/p>\n<p style=\"text-align: center;\"><span style=\"color: #ebf6fd;\"><\/span><\/p>\n<p style=\"text-align: center;\"><span style=\"color: #ebf6fd;\">Connectez-vous ici en tant que <\/span><strong style=\"color: #ebf6fd;\">Buddie<\/strong><span style=\"color: #ebf6fd;\"> .<\/span><span style=\"color: #ebf6fd;\"><\/span><\/p>\n<p>[\/et_pb_text][\/et_pb_column][et_pb_column type=&#8221;1_4&#8243; _builder_version=&#8221;4.27.2&#8243; _module_preset=&#8221;default&#8221; global_colors_info=&#8221;{}&#8221;][et_pb_cta button_url=&#8221;https:\/\/cumcura.sharepoint.com\/sites\/Vrijwilligers&#8221; url_new_window=&#8221;on&#8221; button_text=&#8221;Log in&#8221; _builder_version=&#8221;4.27.2&#8243; _module_preset=&#8221;default&#8221; header_text_align=&#8221;center&#8221; header_text_color=&#8221;#0C71C3&#8243; body_text_align=&#8221;left&#8221; background_color=&#8221;RGBA(255,255,255,0)&#8221; button_alignment=&#8221;center&#8221; text_orientation=&#8221;left&#8221; background_layout=&#8221;light&#8221; min_height=&#8221;50px&#8221; custom_margin=&#8221;0px||0px||false|false&#8221; custom_padding=&#8221;10px|0px|0px|0px|false|false&#8221; global_colors_info=&#8221;{}&#8221;][\/et_pb_cta][\/et_pb_column][\/et_pb_row][\/et_pb_section]<\/p>","protected":false},"excerpt":{"rendered":"<p>Welkom op de Blogpagina van Cum CuraLaatste nieuws &amp; inzichten\u00a0 Welkom op onze nieuwspagina, waar we de recente ontwikkelingen, inspirerende getuigenissen en relevante aankondigingen vanuit Cum Cura VZW bundelen. Hier blijf je op de hoogte van:. Aankondigingen van bijeenkomsten, webinars en lotgenotendagen Informatie over lopende projecten en samenwerkingen Praktische tips voor pati\u00ebnten en zorgverleners Inzichten [&hellip;]<\/p>","protected":false},"author":1,"featured_media":0,"parent":0,"menu_order":0,"comment_status":"closed","ping_status":"closed","template":"","meta":{"_et_pb_use_builder":"on","_et_pb_old_content":"","_et_gb_content_width":"","jetpack_post_was_ever_published":false,"footnotes":""},"class_list":["post-1589","page","type-page","status-publish","hentry"],"yoast_head":"<!-- This site is optimized with the Yoast SEO plugin v25.6 - https:\/\/yoast.com\/wordpress\/plugins\/seo\/ -->\n<title>Blogpagina - Cum Cura<\/title>\n<meta name=\"robots\" content=\"index, follow, max-snippet:-1, max-image-preview:large, max-video-preview:-1\" \/>\n<link rel=\"canonical\" href=\"https:\/\/cumcura.be\/fr\/blog\/\" \/>\n<meta property=\"og:locale\" content=\"fr_FR\" \/>\n<meta property=\"og:type\" content=\"article\" \/>\n<meta property=\"og:title\" content=\"Blogpagina - Cum Cura\" \/>\n<meta property=\"og:description\" content=\"Welkom op de Blogpagina van Cum CuraLaatste nieuws &amp; inzichten\u00a0 Welkom op onze nieuwspagina, waar we de recente ontwikkelingen, inspirerende getuigenissen en relevante aankondigingen vanuit Cum Cura VZW bundelen. Hier blijf je op de hoogte van:. Aankondigingen van bijeenkomsten, webinars en lotgenotendagen Informatie over lopende projecten en samenwerkingen Praktische tips voor pati\u00ebnten en zorgverleners Inzichten [&hellip;]\" \/>\n<meta property=\"og:url\" content=\"https:\/\/cumcura.be\/fr\/blog\/\" \/>\n<meta property=\"og:site_name\" content=\"Cum Cura\" \/>\n<meta property=\"article:publisher\" content=\"https:\/\/www.facebook.com\/CumCuraVZW\/\" \/>\n<meta property=\"article:modified_time\" content=\"2026-04-01T07:55:42+00:00\" \/>\n<meta name=\"twitter:card\" content=\"summary_large_image\" \/>\n<script type=\"application\/ld+json\" class=\"yoast-schema-graph\">{\"@context\":\"https:\/\/schema.org\",\"@graph\":[{\"@type\":\"WebPage\",\"@id\":\"https:\/\/cumcura.be\/blog\/\",\"url\":\"https:\/\/cumcura.be\/blog\/\",\"name\":\"Blogpagina - Cum Cura\",\"isPartOf\":{\"@id\":\"https:\/\/cumcura.be\/en\/#website\"},\"datePublished\":\"2025-07-13T08:30:52+00:00\",\"dateModified\":\"2026-04-01T07:55:42+00:00\",\"breadcrumb\":{\"@id\":\"https:\/\/cumcura.be\/blog\/#breadcrumb\"},\"inLanguage\":\"fr-FR\",\"potentialAction\":[{\"@type\":\"ReadAction\",\"target\":[\"https:\/\/cumcura.be\/blog\/\"]}]},{\"@type\":\"BreadcrumbList\",\"@id\":\"https:\/\/cumcura.be\/blog\/#breadcrumb\",\"itemListElement\":[{\"@type\":\"ListItem\",\"position\":1,\"name\":\"Home\",\"item\":\"https:\/\/cumcura.be\/\"},{\"@type\":\"ListItem\",\"position\":2,\"name\":\"Blogpagina\"}]},{\"@type\":\"WebSite\",\"@id\":\"https:\/\/cumcura.be\/en\/#website\",\"url\":\"https:\/\/cumcura.be\/en\/\",\"name\":\"Cum Cura\",\"description\":\"Kanker met zorg\",\"publisher\":{\"@id\":\"https:\/\/cumcura.be\/en\/#organization\"},\"potentialAction\":[{\"@type\":\"SearchAction\",\"target\":{\"@type\":\"EntryPoint\",\"urlTemplate\":\"https:\/\/cumcura.be\/en\/?s={search_term_string}\"},\"query-input\":{\"@type\":\"PropertyValueSpecification\",\"valueRequired\":true,\"valueName\":\"search_term_string\"}}],\"inLanguage\":\"fr-FR\"},{\"@type\":\"Organization\",\"@id\":\"https:\/\/cumcura.be\/en\/#organization\",\"name\":\"Cum Cura\",\"url\":\"https:\/\/cumcura.be\/en\/\",\"logo\":{\"@type\":\"ImageObject\",\"inLanguage\":\"fr-FR\",\"@id\":\"https:\/\/cumcura.be\/en\/#\/schema\/logo\/image\/\",\"url\":\"https:\/\/cumcura.be\/wp-content\/uploads\/2018\/11\/CUMCURA_LOGO_CLEAN_CMYK.png\",\"contentUrl\":\"https:\/\/cumcura.be\/wp-content\/uploads\/2018\/11\/CUMCURA_LOGO_CLEAN_CMYK.png\",\"width\":1772,\"height\":975,\"caption\":\"Cum Cura\"},\"image\":{\"@id\":\"https:\/\/cumcura.be\/en\/#\/schema\/logo\/image\/\"},\"sameAs\":[\"https:\/\/www.facebook.com\/CumCuraVZW\/\",\"https:\/\/www.instagram.com\/cumcuravzw\/\"]}]}<\/script>\n<!-- \/ Yoast SEO plugin. -->","yoast_head_json":{"title":"Blogpagina - Cum Cura","robots":{"index":"index","follow":"follow","max-snippet":"max-snippet:-1","max-image-preview":"max-image-preview:large","max-video-preview":"max-video-preview:-1"},"canonical":"https:\/\/cumcura.be\/fr\/blog\/","og_locale":"fr_FR","og_type":"article","og_title":"Blogpagina - Cum Cura","og_description":"Welkom op de Blogpagina van Cum CuraLaatste nieuws &amp; inzichten\u00a0 Welkom op onze nieuwspagina, waar we de recente ontwikkelingen, inspirerende getuigenissen en relevante aankondigingen vanuit Cum Cura VZW bundelen. Hier blijf je op de hoogte van:. Aankondigingen van bijeenkomsten, webinars en lotgenotendagen Informatie over lopende projecten en samenwerkingen Praktische tips voor pati\u00ebnten en zorgverleners Inzichten [&hellip;]","og_url":"https:\/\/cumcura.be\/fr\/blog\/","og_site_name":"Cum Cura","article_publisher":"https:\/\/www.facebook.com\/CumCuraVZW\/","article_modified_time":"2026-04-01T07:55:42+00:00","twitter_card":"summary_large_image","schema":{"@context":"https:\/\/schema.org","@graph":[{"@type":"WebPage","@id":"https:\/\/cumcura.be\/blog\/","url":"https:\/\/cumcura.be\/blog\/","name":"Blogpagina - Cum Cura","isPartOf":{"@id":"https:\/\/cumcura.be\/en\/#website"},"datePublished":"2025-07-13T08:30:52+00:00","dateModified":"2026-04-01T07:55:42+00:00","breadcrumb":{"@id":"https:\/\/cumcura.be\/blog\/#breadcrumb"},"inLanguage":"fr-FR","potentialAction":[{"@type":"ReadAction","target":["https:\/\/cumcura.be\/blog\/"]}]},{"@type":"BreadcrumbList","@id":"https:\/\/cumcura.be\/blog\/#breadcrumb","itemListElement":[{"@type":"ListItem","position":1,"name":"Home","item":"https:\/\/cumcura.be\/"},{"@type":"ListItem","position":2,"name":"Blogpagina"}]},{"@type":"WebSite","@id":"https:\/\/cumcura.be\/en\/#website","url":"https:\/\/cumcura.be\/en\/","name":"Cum Cura","description":"Kanker met zorg","publisher":{"@id":"https:\/\/cumcura.be\/en\/#organization"},"potentialAction":[{"@type":"SearchAction","target":{"@type":"EntryPoint","urlTemplate":"https:\/\/cumcura.be\/en\/?s={search_term_string}"},"query-input":{"@type":"PropertyValueSpecification","valueRequired":true,"valueName":"search_term_string"}}],"inLanguage":"fr-FR"},{"@type":"Organization","@id":"https:\/\/cumcura.be\/en\/#organization","name":"Cum Cura","url":"https:\/\/cumcura.be\/en\/","logo":{"@type":"ImageObject","inLanguage":"fr-FR","@id":"https:\/\/cumcura.be\/en\/#\/schema\/logo\/image\/","url":"https:\/\/cumcura.be\/wp-content\/uploads\/2018\/11\/CUMCURA_LOGO_CLEAN_CMYK.png","contentUrl":"https:\/\/cumcura.be\/wp-content\/uploads\/2018\/11\/CUMCURA_LOGO_CLEAN_CMYK.png","width":1772,"height":975,"caption":"Cum Cura"},"image":{"@id":"https:\/\/cumcura.be\/en\/#\/schema\/logo\/image\/"},"sameAs":["https:\/\/www.facebook.com\/CumCuraVZW\/","https:\/\/www.instagram.com\/cumcuravzw\/"]}]}},"jetpack_sharing_enabled":true,"_links":{"self":[{"href":"https:\/\/cumcura.be\/fr\/wp-json\/wp\/v2\/pages\/1589"}],"collection":[{"href":"https:\/\/cumcura.be\/fr\/wp-json\/wp\/v2\/pages"}],"about":[{"href":"https:\/\/cumcura.be\/fr\/wp-json\/wp\/v2\/types\/page"}],"author":[{"embeddable":true,"href":"https:\/\/cumcura.be\/fr\/wp-json\/wp\/v2\/users\/1"}],"replies":[{"embeddable":true,"href":"https:\/\/cumcura.be\/fr\/wp-json\/wp\/v2\/comments?post=1589"}],"version-history":[{"count":32,"href":"https:\/\/cumcura.be\/fr\/wp-json\/wp\/v2\/pages\/1589\/revisions"}],"predecessor-version":[{"id":2139,"href":"https:\/\/cumcura.be\/fr\/wp-json\/wp\/v2\/pages\/1589\/revisions\/2139"}],"wp:attachment":[{"href":"https:\/\/cumcura.be\/fr\/wp-json\/wp\/v2\/media?parent=1589"}],"curies":[{"name":"wp","href":"https:\/\/api.w.org\/{rel}","templated":true}]}}